{"id":904,"date":"2024-05-12T10:39:40","date_gmt":"2024-05-12T16:39:40","guid":{"rendered":"https:\/\/casagranderio.com\/?page_id=904"},"modified":"2025-01-19T20:27:32","modified_gmt":"2025-01-20T02:27:32","slug":"politica-de-reservacion","status":"publish","type":"page","link":"https:\/\/casagranderio.com\/en\/politica-de-reservacion\/","title":{"rendered":"Pol\u00edtica de reservaci\u00f3n"},"content":{"rendered":"<div data-elementor-type=\"wp-page\" data-elementor-id=\"904\" class=\"elementor elementor-904\" data-elementor-post-type=\"page\">\n\t\t\t\t<div class=\"elementor-element elementor-element-f95a87b e-con-full e-flex e-con e-parent\" data-id=\"f95a87b\" data-element_type=\"container\" data-e-type=\"container\">\n\t\t\t\t<div class=\"elementor-element elementor-element-d98a099 elementor-widget elementor-widget-text-editor\" data-id=\"d98a099\" data-element_type=\"widget\" data-e-type=\"widget\" data-widget_type=\"text-editor.default\">\n\t\t\t\t<div class=\"elementor-widget-container\">\n\t\t\t\t\t\t\t\t\t<h5 class=\"has-text-align-center\" style=\"text-align: center;\"><strong>POLITICAS DE RESERVACI\u00d3N<\/strong><\/h5>\n<p><!-- \/wp:paragraph --><!-- wp:paragraph {\"className\":\"justificar\"} --><\/p>\n<p class=\"justificar\">Las tarifas y\/o costos de reservaci\u00f3n, son solamente v\u00e1lidas al momento de su cotizaci\u00f3n. Las tarifas y\/o costos de reservaci\u00f3n ser\u00e1n aplicadas \u00fanicamente en caso de realizar una reservaci\u00f3n, en el entendido de que las tarifas y\/o costos de reservaci\u00f3n pueden variar. En todos los casos y sin excepci\u00f3n alguna se solicitar\u00e1 al hu\u00e9sped la informaci\u00f3n de tarjeta de cr\u00e9dito y\/o d\u00e9bito, la cual resulta indispensable para ingresar y confirmar su reservaci\u00f3n. As\u00ed como es indispensable presentar identificaci\u00f3n oficial al momento de registro en el hotel. Una reservaci\u00f3n se considera completada, cuando el hu\u00e9sped cuenta con un n\u00famero de confirmaci\u00f3n y el cargo correspondiente ha sido aplicado. AI momento de reservar, usted autoriza a la empresa de manera escrita y\/o verbal a usar su n\u00famero de tarjeta de cr\u00e9dito y\/o debito para realizar su pago, y confirma expresamente conocer y aceptar los presentes T\u00e9rminos y Condiciones de reservaci\u00f3n. <strong>Entrada y salida.- <\/strong>CHECK-IN: A partir de las 15 horas, CHECK-OUT: La habitaci\u00f3n vence a las 12:00 horas. cualquier hu\u00e9sped que Ilegue antes de la hora mencionada anteriormente deber\u00e1 esperar a que se le haga la asignaci\u00f3n correspondiente. De igual manera cualquier hu\u00e9sped que solicite entrar antes del CHECK IN, o salir despu\u00e9s del CHECK OUT deber\u00e1 informar a Recepci\u00f3n y tomar en cuenta que existir\u00e1 cargo adicional seg\u00fan sea el caso, acorde a las pol\u00edticas y condiciones m\u00e1s el pago de impuestos que se generen. En caso que el hu\u00e9sped haga CHECK OUT antes del d\u00eda originalmente solicitado, se har\u00e1 el cobro por el resto de las noches estipuladas<\/p>\n<p><!-- \/wp:paragraph --><!-- wp:paragraph --><\/p>\n<p>en la reservaci\u00f3n. En ning\u00fan caso habr\u00e1 reembolso por salidas anticipadas por razones ajenas al hotel. <strong>POLITICA DE PRE-AUTORIZACI\u00d3N.- <\/strong>Si el hu\u00e9sped realiza la reservaci\u00f3n por medio de tarjeta de cr\u00e9dito, con un plazo de 15 d\u00edas antes del evento y\/o estancia, se realizar\u00e1 una Pre-Autorizaci\u00f3n del monto total de la estad\u00eda completa. Si el hu\u00e9sped decide pagar en efectivo al momento del CHECK IN, se proceder\u00e1 a la liberaci\u00f3n de fondos, en caso de haber hecho la reservaci\u00f3n con tarjeta de cr\u00e9dito, liberaci\u00f3n que se realizara de acuerdo a las pol\u00edticas bancarias del hu\u00e9sped y de acuerdo a tipo de tarjeta, y si es cancelaci\u00f3n se proceder\u00e1 de acuerdo a la pol\u00edtica de cancelaci\u00f3n. Si no se cumple con la pre-autorizaci\u00f3n de fondos, las habitaciones se ir\u00e1n liberando autom\u00e1ticamente. En caso de que el hu\u00e9sped realice la reservaci\u00f3n con Tarjetas de D\u00e9bito, en ese caso se har\u00e1 cargo autom\u00e1tico a la cuenta. Sin embargo, en el caso que el hu\u00e9sped desee presentar otra forma de pago al momento de CHECK IN o cancele su reservaci\u00f3n dentro del per\u00edodo de cancelaci\u00f3n estipulado por la empresa, el reembolso de esta cantidad no ser\u00e1 reflejado en su cuenta bancaria de inmediato, ya que el proceso de reembolso por el tipo de tarjeta puede durar de 7 a 30 d\u00edas naturales. <strong>POLITICAS DE CANCELACI\u00d3N Y\/O NO <\/strong>PRESENTACI\u00d3N.-Para los casos de que el hu\u00e9sped decida cancelar 10 d\u00edas antes del evento y\/o estancia, se aplicara \u00fanicamente un cargo del 50% de la renta de la habitaci\u00f3n ofertada por habitaci\u00f3n cancelada. Asimismo, si el hu\u00e9sped decide cancelar con 5 d\u00edas antes del evento y\/o estancia, se aplicar\u00e1 un cargo del 100% de la renta de habitaci\u00f3n ofertada por habitaci\u00f3n cancelada. Si el hu\u00e9sped no se presenta a la fecha de llegada de su reservaci\u00f3n, se har\u00e1 cargo total de la estad\u00eda a la forma de pago establecida al momento de la reserva. <strong>POLITICA DE FACTURACI\u00d3N.-Los <\/strong>reclamos relacionados a la facturaci\u00f3n o cargos en tarjetas de cr\u00e9dito deber\u00e1n ser comunicados al hotel al CHECK OUT despu\u00e9s de haber recibido la factura, no se aceptar\u00e1n reclamos posteriores. Con lo cual autorizo a la COMPA\u00d1\u00cdA HOTELERA CASA GRANDE HOTEL BOUTIQUE a realizar los cargos indicados a la tarjeta de cr\u00e9dito indicada en la parte superior de este formato seg\u00fan la informaci\u00f3n de tarifa y las pol\u00edticas de la reservaci\u00f3n especificadas. En caso de pago no presencial es necesario anexar a su reserva una copia de tarjeta de cr\u00e9dito y de un documento de identidad (anverso y reverso).En caso de requerir factura se deber\u00e1 solicitar a m\u00e1s tardar el d\u00eda de su salida. Dicha factura deber\u00e1 ser revisada por el solicitante para verificar que los datos son correctos en el momento en que se le entregue impresa o la reciba en su correo ya que no se expedir\u00e1n facturas ni se har\u00e1n correcciones a las mismas de manera extempor\u00e1nea.<\/p>\n<p><!-- \/wp:paragraph --><\/p>\t\t\t\t\t\t\t\t<\/div>\n\t\t\t\t<\/div>\n\t\t\t\t<\/div>\n\t\t\t\t<\/div>","protected":false},"excerpt":{"rendered":"<p>POLITICAS DE RESERVACI\u00d3N Las tarifas y\/o costos de reservaci\u00f3n, son solamente v\u00e1lidas al momento de su cotizaci\u00f3n. Las tarifas y\/o costos de reservaci\u00f3n ser\u00e1n aplicadas \u00fanicamente en caso de realizar una reservaci\u00f3n, en el entendido de que las tarifas y\/o costos de reservaci\u00f3n pueden variar. En todos los casos y sin excepci\u00f3n alguna se solicitar\u00e1 [&hellip;]<\/p>","protected":false},"author":4,"featured_media":0,"parent":0,"menu_order":0,"comment_status":"closed","ping_status":"closed","template":"","meta":{"_monsterinsights_skip_tracking":false,"_monsterinsights_sitenote_active":false,"_monsterinsights_sitenote_note":"","_monsterinsights_sitenote_category":0,"footnotes":""},"class_list":["post-904","page","type-page","status-publish","hentry"],"_links":{"self":[{"href":"https:\/\/casagranderio.com\/en\/wp-json\/wp\/v2\/pages\/904","targetHints":{"allow":["GET"]}}],"collection":[{"href":"https:\/\/casagranderio.com\/en\/wp-json\/wp\/v2\/pages"}],"about":[{"href":"https:\/\/casagranderio.com\/en\/wp-json\/wp\/v2\/types\/page"}],"author":[{"embeddable":true,"href":"https:\/\/casagranderio.com\/en\/wp-json\/wp\/v2\/users\/4"}],"replies":[{"embeddable":true,"href":"https:\/\/casagranderio.com\/en\/wp-json\/wp\/v2\/comments?post=904"}],"version-history":[{"count":14,"href":"https:\/\/casagranderio.com\/en\/wp-json\/wp\/v2\/pages\/904\/revisions"}],"predecessor-version":[{"id":3328,"href":"https:\/\/casagranderio.com\/en\/wp-json\/wp\/v2\/pages\/904\/revisions\/3328"}],"wp:attachment":[{"href":"https:\/\/casagranderio.com\/en\/wp-json\/wp\/v2\/media?parent=904"}],"curies":[{"name":"wp","href":"https:\/\/api.w.org\/{rel}","templated":true}]}}