{"id":1091,"date":"2024-05-20T05:49:49","date_gmt":"2024-05-20T11:49:49","guid":{"rendered":"https:\/\/casagranderio.com\/booking-confirmation\/transaccion-fallida\/"},"modified":"2024-05-20T05:49:49","modified_gmt":"2024-05-20T11:49:49","slug":"transaccion-fallida","status":"publish","type":"page","link":"https:\/\/casagranderio.com\/en\/confirmacion-reserva\/transaccion-fallida\/","title":{"rendered":"Transacci\u00f3n fallida"},"content":{"rendered":"<p>Desafortunadamente, su transacci\u00f3n no se puede completar en este momento. Int\u00e9ntelo de nuevo o cont\u00e1ctenos.<\/p>","protected":false},"excerpt":{"rendered":"<p>Desafortunadamente, su transacci\u00f3n no se puede completar en este momento. Int\u00e9ntelo de nuevo o cont\u00e1ctenos.<\/p>","protected":false},"author":4,"featured_media":0,"parent":1087,"menu_order":0,"comment_status":"closed","ping_status":"closed","template":"","meta":{"_monsterinsights_skip_tracking":false,"_monsterinsights_sitenote_active":false,"_monsterinsights_sitenote_note":"","_monsterinsights_sitenote_category":0,"footnotes":""},"class_list":["post-1091","page","type-page","status-publish","hentry"],"_links":{"self":[{"href":"https:\/\/casagranderio.com\/en\/wp-json\/wp\/v2\/pages\/1091","targetHints":{"allow":["GET"]}}],"collection":[{"href":"https:\/\/casagranderio.com\/en\/wp-json\/wp\/v2\/pages"}],"about":[{"href":"https:\/\/casagranderio.com\/en\/wp-json\/wp\/v2\/types\/page"}],"author":[{"embeddable":true,"href":"https:\/\/casagranderio.com\/en\/wp-json\/wp\/v2\/users\/4"}],"replies":[{"embeddable":true,"href":"https:\/\/casagranderio.com\/en\/wp-json\/wp\/v2\/comments?post=1091"}],"version-history":[{"count":0,"href":"https:\/\/casagranderio.com\/en\/wp-json\/wp\/v2\/pages\/1091\/revisions"}],"up":[{"embeddable":true,"href":"https:\/\/casagranderio.com\/en\/wp-json\/wp\/v2\/pages\/1087"}],"wp:attachment":[{"href":"https:\/\/casagranderio.com\/en\/wp-json\/wp\/v2\/media?parent=1091"}],"curies":[{"name":"wp","href":"https:\/\/api.w.org\/{rel}","templated":true}]}}